{"id":39,"date":"2024-06-29T11:12:33","date_gmt":"2024-06-29T16:12:33","guid":{"rendered":"https:\/\/guevara-cia.com\/?page_id=39"},"modified":"2024-06-29T11:15:56","modified_gmt":"2024-06-29T16:15:56","slug":"noticias","status":"publish","type":"page","link":"https:\/\/guevara-cia.com\/?page_id=39","title":{"rendered":"Noticias"},"content":{"rendered":"\n<div class=\"wp-block-query is-layout-flow wp-block-query-is-layout-flow\"><ul class=\"wp-block-post-template is-layout-flow wp-block-post-template-is-layout-flow\"><li class=\"wp-block-post post-1 post type-post status-publish format-standard hentry category-uncategorized\">\n<h2 class=\"wp-block-post-title\"><a href=\"https:\/\/guevara-cia.com\/?p=1\" target=\"_self\" >\u00a1Paga Menos Impuestos! Nueva Ley Ampl\u00eda Deducciones para Tu Declaraci\u00f3n de Renta<\/a><\/h2>\n\n\n\n<div class=\"wp-block-post-excerpt\"><p class=\"wp-block-post-excerpt__excerpt\">El proyecto de ley 6331\/2023-CR trae cambios importantes que te permitir\u00e1n deducir m\u00e1s gastos en tu declaraci\u00f3n de renta, reduciendo as\u00ed el monto de tus impuestos. Ahora, podr\u00e1s descontar hasta el 40% en salud (excepto medicina est\u00e9tica), 70% en intereses de cr\u00e9ditos hipotecarios para la compra de tu primera vivienda, 50% en educaci\u00f3n tanto para<\/p><p class=\"wp-block-post-excerpt__more-text\"><a class=\"wp-block-post-excerpt__more-link\" href=\"https:\/\/guevara-cia.com\/?p=1\">Leer m\u00e1s&#8230;<\/a><\/p><\/div>\n\n\n<hr class=\"wp-block-separator has-css-opacity\"\/>\n\n\n<div class=\"wp-block-post-date\"><time datetime=\"2024-06-26T20:24:54-05:00\">junio 26, 2024<\/time><\/div>\n<\/li><\/ul><\/div>\n","protected":false},"excerpt":{"rendered":"","protected":false},"author":1,"featured_media":0,"parent":0,"menu_order":0,"comment_status":"closed","ping_status":"closed","template":"","meta":{"footnotes":""},"class_list":["post-39","page","type-page","status-publish","hentry"],"_links":{"self":[{"href":"https:\/\/guevara-cia.com\/index.php?rest_route=\/wp\/v2\/pages\/39","targetHints":{"allow":["GET"]}}],"collection":[{"href":"https:\/\/guevara-cia.com\/index.php?rest_route=\/wp\/v2\/pages"}],"about":[{"href":"https:\/\/guevara-cia.com\/index.php?rest_route=\/wp\/v2\/types\/page"}],"author":[{"embeddable":true,"href":"https:\/\/guevara-cia.com\/index.php?rest_route=\/wp\/v2\/users\/1"}],"replies":[{"embeddable":true,"href":"https:\/\/guevara-cia.com\/index.php?rest_route=%2Fwp%2Fv2%2Fcomments&post=39"}],"version-history":[{"count":2,"href":"https:\/\/guevara-cia.com\/index.php?rest_route=\/wp\/v2\/pages\/39\/revisions"}],"predecessor-version":[{"id":43,"href":"https:\/\/guevara-cia.com\/index.php?rest_route=\/wp\/v2\/pages\/39\/revisions\/43"}],"wp:attachment":[{"href":"https:\/\/guevara-cia.com\/index.php?rest_route=%2Fwp%2Fv2%2Fmedia&parent=39"}],"curies":[{"name":"wp","href":"https:\/\/api.w.org\/{rel}","templated":true}]}}